{"id":170,"date":"2025-10-13T11:00:01","date_gmt":"2025-10-13T11:00:01","guid":{"rendered":"https:\/\/huettenschriften.at\/?page_id=170"},"modified":"2026-01-07T18:12:37","modified_gmt":"2026-01-07T18:12:37","slug":"verein","status":"publish","type":"page","link":"https:\/\/huettenschriften.at\/index.php\/verein\/","title":{"rendered":"\u00dcber Uns"},"content":{"rendered":"\n<div class=\"wp-block-group has-global-padding is-layout-constrained wp-block-group-is-layout-constrained\">\n<p>Als periodisch erscheinende, fortlaufend erweiterte Sammlung visuell arbeitender sowie schriftlich dargelegter Positionen er\u00f6ffnen die <em>H\u00fcttenschriften <\/em>eine digitale Plattform, auf der sich Stimmen aus vielf\u00e4ltigen Disziplinen begegnen, um neue Gedankeng\u00e4nge zu erkunden. Jede Ausgabe entwickelt daf\u00fcr ein zentrales Thema, das von einem wechselnden Redaktionsteam gestaltet wird und als offener Rahmen f\u00fcr neue Perspektiven und kreative Ann\u00e4herungen dient.<\/p>\n\n\n\n<p>Die H\u00fcttenschriften sind Lager- und Staufl\u00e4che, auf der disparate Zug\u00e4nge zusammenfinden; sie schaffen Raum f\u00fcr introspektive Denkprozesse, laden aber auch zur gemeinsamen Erkundung unbewanderter Wegsysteme ein.<\/p>\n\n\n\n<p><\/p>\n\n\n\n<h2 class=\"wp-block-heading\">Verein<\/h2>\n\n\n\n<p>Da mithilfe den H\u00fcttenschriften in regelm\u00e4\u00dfigen Abst\u00e4nden ein Dialogfeld entstehen soll, das es erm\u00f6glicht, multiperspektivische Zug\u00e4nge zu vielf\u00e4ltigen Themen einen Raum zu geben, unterliegt diese Website der gro\u00dfen Offenlegungspflicht. Um dieser Pflicht ordnungsgem\u00e4\u00df nachzukommen, legen wir hiermit dar, dass der <em>Kunst- und Kulturverein der H\u00fctten und Schriften <\/em>(KuKudH\u00fcSch) als Medieninhaber fungiert und die inhaltliche Verantwortung gem\u00e4\u00df \u00a7 25 MedienG durch die vertretungsbefugten Organe des Vereins wahrgenommen wird.<\/p>\n\n\n\n<p>Gem\u00e4\u00df den Bestimmungen zur vollst\u00e4ndigen Offenlegung umfasst dies auch die Erkl\u00e4rung \u00fcber die grundlegende Richtung des Mediums. Die H\u00fcttenschriften verstehen sich als pluralistische, k\u00fcnstlerisch-experimentelle und kulturreflexive Plattform, die darauf abzielt, unterschiedliche Perspektiven sichtbar zu machen, ohne die Haltung der Mitwirkenden vorzugeben. Stattdessen f\u00f6rdern sie die Auseinandersetzung mit vielf\u00e4ltigen Denk- und Ausdrucksformen und unterst\u00fctzen Beitr\u00e4ge, die zu kritischem, offenem und respektvollem Austausch anregen.<\/p>\n\n\n\n<p>In diesem Kontext gilt es weiters zu betonen, dass sich die H\u00fcttenschriften klar gegen jede Form der Diskriminierung aussprechen und sich f\u00fcr einen respektvollen, inklusiven und diskriminierungsfreien Raum einsetzen. Inhalten, die diesen Prinzipien in irgendeiner Form widersprechen, wird die Ver\u00f6ffentlichung folglich untersagt.<\/p>\n<\/div>\n\n\n\n<div class=\"wp-block-group has-global-padding is-layout-constrained wp-block-group-is-layout-constrained\">\n<h2 class=\"wp-block-heading has-x-large-font-size\">Impressum<\/h2>\n\n\n\n<p><strong>Medieninhaber<\/strong>:<br>Kunst- und Kulturverein der H\u00fctten und Schriften (KuKudH\u00fcSch)<br>ZVR: 1875797225<br>Sitz: Wien<\/p>\n\n\n\n<p><strong>Vertretungsbefugte Personen<\/strong>:<br>Moritz Schueler &amp; Fridolin G\u00f6bel<\/p>\n\n\n\n<p><strong>Kontakt<\/strong>:<br><a>huettenschriften@gmail.com<\/a><\/p>\n<\/div>\n","protected":false},"excerpt":{"rendered":"<p>Als periodisch erscheinende, fortlaufend erweiterte Sammlung visuell arbeitender sowie schriftlich dargelegter Positionen er\u00f6ffnen die H\u00fcttenschriften eine digitale Plattform, auf der sich Stimmen aus vielf\u00e4ltigen Disziplinen begegnen, um neue Gedankeng\u00e4nge zu erkunden. Jede Ausgabe entwickelt daf\u00fcr ein zentrales Thema, das von einem wechselnden Redaktionsteam gestaltet wird und als offener Rahmen f\u00fcr neue Perspektiven und kreative Ann\u00e4herungen [&hellip;]<\/p>\n","protected":false},"author":1,"featured_media":0,"parent":0,"menu_order":0,"comment_status":"closed","ping_status":"closed","template":"","meta":{"_acf_changed":false,"footnotes":""},"class_list":["post-170","page","type-page","status-publish","hentry"],"acf":[],"_links":{"self":[{"href":"https:\/\/huettenschriften.at\/index.php\/wp-json\/wp\/v2\/pages\/170","targetHints":{"allow":["GET"]}}],"collection":[{"href":"https:\/\/huettenschriften.at\/index.php\/wp-json\/wp\/v2\/pages"}],"about":[{"href":"https:\/\/huettenschriften.at\/index.php\/wp-json\/wp\/v2\/types\/page"}],"author":[{"embeddable":true,"href":"https:\/\/huettenschriften.at\/index.php\/wp-json\/wp\/v2\/users\/1"}],"replies":[{"embeddable":true,"href":"https:\/\/huettenschriften.at\/index.php\/wp-json\/wp\/v2\/comments?post=170"}],"version-history":[{"count":34,"href":"https:\/\/huettenschriften.at\/index.php\/wp-json\/wp\/v2\/pages\/170\/revisions"}],"predecessor-version":[{"id":1538,"href":"https:\/\/huettenschriften.at\/index.php\/wp-json\/wp\/v2\/pages\/170\/revisions\/1538"}],"wp:attachment":[{"href":"https:\/\/huettenschriften.at\/index.php\/wp-json\/wp\/v2\/media?parent=170"}],"curies":[{"name":"wp","href":"https:\/\/api.w.org\/{rel}","templated":true}]}}