{"id":265,"date":"2025-11-13T18:38:16","date_gmt":"2025-11-13T18:38:16","guid":{"rendered":"https:\/\/huettenschriften.at\/?page_id=265"},"modified":"2025-11-24T20:04:27","modified_gmt":"2025-11-24T20:04:27","slug":"teilnehmen","status":"publish","type":"page","link":"https:\/\/huettenschriften.at\/index.php\/teilnehmen\/","title":{"rendered":"Mitmachen"},"content":{"rendered":"\n<div class=\"wp-block-group has-global-padding is-layout-constrained wp-block-group-is-layout-constrained\">\n<p class=\"has-garamond-font-family\">Die H\u00fcttenschriften begannen ihren Weg als Festschrift: Die erste Ausgabe entstand zur Feier eines klar definierten Anlasses und richtete sich deshalb auch an einen klar definierten Kreis von Mitwirkenden, die pers\u00f6nlich eingeladen wurden, um Gedanken, Perspektiven und Ann\u00e4herungen zur H\u00fctte mit uns zu teilen. Dieses Vorgehen bietet den Vorteil von Fokussierung und enger inhaltlicher Koh\u00e4renz, die zugleich einen Raum f\u00fcr Multiperspektivit\u00e4t und Multimedialit\u00e4t er\u00f6ffnet. Es birgt jedoch auch Schwierigkeiten \u2013 nur wenige Stimmen werden sichtbar und das Medium bleibt in sich geschlossen.<\/p>\n\n\n\n<p>Mit den Schachtelschriften begann sich dieser Kreis zu \u00f6ffnen. Doch auch hier stie\u00df das Konzept auf Grenzen: Wie kann man eine Plattform schaffen, die allen Personen und Perspektiven offensteht, ohne zu riskieren, dass eine Sammlung an vermeintlich unzusammenh\u00e4ngenden Materialien entsteht, die dadurch weder in ihrer Qualit\u00e4t noch in ihrer Vielf\u00e4ltigkeit greifbar werden? Wie aber l\u00e4sst sich Vielfalt abbilden, wenn eine inhaltliche Schwerpunktsetzung vorgegeben wird? Und wie kann man gew\u00e4hrleisten, dass jede Stimme gleicherma\u00dfen Geh\u00f6r findet, wenn man keine Plattform hat, \u00fcber die man alle potentiellen Interessent*innen erreicht, sondern darauf angewiesen ist, Personen aus dem eigenen Umfeld f\u00fcr ein neues Projekt zu gewinnen?<\/p>\n<\/div>\n\n\n\n<div class=\"wp-block-group has-global-padding is-layout-constrained wp-block-group-is-layout-constrained\">\n<p>Diese Spannungsfelder und Herausforderungen m\u00f6chten wir in Zukunft bewusst aufgreifen. Nicht, weil wir uns anma\u00dfen, sie \u00fcberwinden zu k\u00f6nnen, sondern weil wir sie als Ansporn nehmen wollen. Die H\u00fcttenschriften sollen ein offener Raum werden, in dem jede Perspektive sichtbar wird, Beitr\u00e4ge aufeinander Bezug nehmen k\u00f6nnen und neue Impulse das bestehende Gewebe erweitern. Wir laden dazu ein, an vergangene Ausgaben anzukn\u00fcpfen, Gedanken weiterzuf\u00fchren und eigene Wege in den fortlaufenden Dialog einzubringen. So soll die Sammlung zu einem lebendigen, stetig wachsenden Dialogfeld werden, das von der Vielfalt der Stimmen lebt und sich kontinuierlich erweitert.<\/p>\n\n\n\n<p class=\"has-garamond-font-family\">Denn wozu eine H\u00fctte, wenn nicht, um allen Stimmen einen Raum zu bieten?<\/p>\n\n\n\n<p>Kontakt: huettenschriften@gmail.com <\/p>\n<\/div>\n","protected":false},"excerpt":{"rendered":"<p>Die H\u00fcttenschriften begannen ihren Weg als Festschrift: Die erste Ausgabe entstand zur Feier eines klar definierten Anlasses und richtete sich deshalb auch an einen klar definierten Kreis von Mitwirkenden, die pers\u00f6nlich eingeladen wurden, um Gedanken, Perspektiven und Ann\u00e4herungen zur H\u00fctte mit uns zu teilen. Dieses Vorgehen bietet den Vorteil von Fokussierung und enger inhaltlicher Koh\u00e4renz, [&hellip;]<\/p>\n","protected":false},"author":1,"featured_media":0,"parent":0,"menu_order":0,"comment_status":"closed","ping_status":"closed","template":"","meta":{"_acf_changed":false,"footnotes":""},"class_list":["post-265","page","type-page","status-publish","hentry"],"acf":[],"_links":{"self":[{"href":"https:\/\/huettenschriften.at\/index.php\/wp-json\/wp\/v2\/pages\/265","targetHints":{"allow":["GET"]}}],"collection":[{"href":"https:\/\/huettenschriften.at\/index.php\/wp-json\/wp\/v2\/pages"}],"about":[{"href":"https:\/\/huettenschriften.at\/index.php\/wp-json\/wp\/v2\/types\/page"}],"author":[{"embeddable":true,"href":"https:\/\/huettenschriften.at\/index.php\/wp-json\/wp\/v2\/users\/1"}],"replies":[{"embeddable":true,"href":"https:\/\/huettenschriften.at\/index.php\/wp-json\/wp\/v2\/comments?post=265"}],"version-history":[{"count":9,"href":"https:\/\/huettenschriften.at\/index.php\/wp-json\/wp\/v2\/pages\/265\/revisions"}],"predecessor-version":[{"id":766,"href":"https:\/\/huettenschriften.at\/index.php\/wp-json\/wp\/v2\/pages\/265\/revisions\/766"}],"wp:attachment":[{"href":"https:\/\/huettenschriften.at\/index.php\/wp-json\/wp\/v2\/media?parent=265"}],"curies":[{"name":"wp","href":"https:\/\/api.w.org\/{rel}","templated":true}]}}